{"id":8985,"date":"2023-04-07T09:48:07","date_gmt":"2023-04-07T07:48:07","guid":{"rendered":"https:\/\/prosailingtour.com\/mentions-legales-et-politique-de-confidentialite\/"},"modified":"2023-04-28T17:14:27","modified_gmt":"2023-04-28T15:14:27","slug":"mentions-legales-et-politique-de-confidentialite","status":"publish","type":"page","link":"https:\/\/prosailingtour.com\/en\/mentions-legales-et-politique-de-confidentialite\/","title":{"rendered":"Mentions l\u00e9gales et Politique de confidentialit\u00e9"},"content":{"rendered":"<section class=\"l-section wpb_row us_custom_1f64da91 height_medium\">\n<div class=\"l-section-h i-cf\">\n<div class=\"g-cols vc_row via_flex valign_top type_default stacking_default\">\n<div class=\"vc_col-sm-12 wpb_column vc_column_container\">\n<div class=\"vc_column-inner\">\n<div class=\"wpb_wrapper\">\n<div class=\"wpb_text_column\">\n<div class=\"wpb_wrapper\">\n<section class=\"l-section height_large\">\n<div class=\"l-section-h i-cf\">\n<ol>\n<li><strong> Pr\u00e9sentation de notre site web<\/strong><\/li>\n<\/ol>\n<p>Conform\u00e9ment \u00e0 la loi n\u00b0 2004-2005 du 21 juin 2004 pour la confiance dans l\u2019\u00e9conomie num\u00e9rique, notre site web prosailingtour.com propri\u00e9taire du site www.prosailingtour.com met \u00e0 disposition du public les informations concernant Pro Sailing Tour.<br \/>\n\u00c9ventuellement modifiables, nous vous invitons donc \u00e0 consulter nos mentions l\u00e9gales le plus souvent possible, de mani\u00e8re \u00e0 en prendre connaissance fr\u00e9quemment<\/p>\n<p>Le site www.prosailingtour.com appartient \u00e0 Upswing Prod, dont le si\u00e8ge social est situ\u00e9 \u00e0 l\u2019adresse suivante : 44, boulevard de Magenta 75010 Paris \u2013 01 47 70 44 70<br \/>\nJulien Mauriat est responsable de la publication, dont l\u2019adresse e-mail est la suivante : contact(at)upswingprod.fr<br \/>\nLe site www.prosailingtour.com est h\u00e9berg\u00e9 par OVH, dont le si\u00e8ge social est localis\u00e9 2 rue Kellermann \u2013 59100 Roubaix \u2013 France.<br \/>\nLe site est cr\u00e9\u00e9 par Twins communication 44 avenue de la Perri\u00e8re 56100 Lorient<\/p>\n<p>&nbsp;<\/p>\n<ol start=\"2\">\n<li><strong> Conditions g\u00e9n\u00e9rales d\u2019utilisation du site et des services propos\u00e9s.<\/strong><\/li>\n<\/ol>\n<p>En utilisant notre site web www.prosailingtour.com, vous acceptez pleinement et enti\u00e8rement les conditions g\u00e9n\u00e9rales d\u2019utilisation pr\u00e9cis\u00e9es dans nos mentions l\u00e9gales. Accessible \u00e0 tout type de visiteurs, il est important de pr\u00e9ciser toutefois qu\u2019une interruption pour maintenance du site web peut-\u00eatre d\u00e9cid\u00e9e par Pro Sailing Tour.<\/p>\n<\/div>\n<p>&nbsp;<\/p>\n<div class=\"l-section-h i-cf\">\n<ol start=\"3\">\n<li><strong> Les produits ou services propos\u00e9s par www.prosailingtour.com<\/strong><\/li>\n<\/ol>\n<p>En accord avec sa politique de communication, le site\u00a0www.prosailingtour.com a pour vocation d\u2019informer les utilisateurs sur les services propos\u00e9s par Pro Sailing Tour, qui s\u2019efforce alors de fournir des informations pr\u00e9cises sur son activit\u00e9. Cependant, des inexactitudes ou des omissions peuvent exister : Pro Sailing Tour ne pourra en aucun cas \u00eatre tenu pour responsable pour toute erreur pr\u00e9sente sur le site www.prosailingtour.com<\/p>\n<ol start=\"4\">\n<li><strong> Limitations contractuelles<\/strong><\/li>\n<\/ol>\n<p>Les informations retranscrites sur notre site web\u00a0www.prosailingtour.com font l\u2019objet de d\u00e9marches qualitatives, en vue de nous assurer de leur fiabilit\u00e9. Cependant, nous ne pourrons encourir de responsabilit\u00e9s en cas d\u2019inexactitudes techniques lors de nos explications.<br \/>\nSi vous constatez une erreur concernant des informations que nous auront pu omettre, n\u2019h\u00e9sitez pas \u00e0 nous le signaler par mail.<\/p>\n<p>Les liens reli\u00e9s directement ou indirectement \u00e0 notre site web www.prosailingtour.com ne sont pas sous le contr\u00f4le de notre soci\u00e9t\u00e9. Par cons\u00e9quent, nous ne pouvons nous assurer de l\u2019exactitude des informations pr\u00e9sentes sur ces autres sites Internet.<\/p>\n<p>Utilisant la technologie JavaScript, le site www.prosailingtour.com ne pourra \u00eatre tenu pour responsable en cas de dommages mat\u00e9riels li\u00e9s \u00e0 son utilisation. Par ailleurs, toute autre type de cons\u00e9quence li\u00e9e \u00e0 l\u2019exploitation du site www.prosailingtour.com, qu\u2019elle soit direct ou indirect (bug, incompatibilit\u00e9, virus, etc.).<\/p>\n<ol start=\"5\">\n<li><strong> Propri\u00e9t\u00e9 intellectuelle et contenu du site Internet<\/strong><\/li>\n<\/ol>\n<p>Le contenu r\u00e9dactionnel du site web www.prosailingtour.com appartient exclusivement \u00e0 Upswing Prod. Toute violation des droits d\u2019auteur est sanctionn\u00e9e par l\u2019article L.335-2 du Code de la Propri\u00e9t\u00e9 Intellectuelle, avec une peine encourue de 2 ans d\u2019emprisonnement et de 150 000\u20ac d\u2019amende<\/p>\n<p>En naviguant sur le site www.prosailingtour.com, l\u2019utilisateur accepte \u00e9galement l\u2019installation de cookies \u00e9ventuelles sur son ordinateur.<\/p>\n<p>En vue d\u2019adapter le site aux demandes de ses visiteurs, nous mesurons le nombre de visites, le nombre de pages vues ainsi que l\u2019activit\u00e9 des visiteurs sur le site et leur fr\u00e9quence de retour. Cette analyse s\u2019appuie \u00e0 ce jour sur les services fournis par la solution \u00ab\u00a0Google Analytics\u00a0\u00bb.<\/p>\n<p>CR\u00c9DITS PHOTOS : PST \/ MARK LLOYD (<a href=\"https:\/\/www.lloydimages.com\/\" target=\"_blank\" rel=\"noopener\">https:\/\/www.lloydimages.com\/<\/a>) Rivacom \/ Benjamin Sellier \/ Ana Maliz \/ LB Sailing \/ REPRODUCTION INTERDITE \/ ADOBE STOCK SOUS LICENCE<\/p>\n<ol start=\"6\">\n<li><strong> Donn\u00e9es personnelles, respect de votre vie priv\u00e9e et de vos libert\u00e9s<\/strong><\/li>\n<\/ol>\n<p>Toute information recueillie sur le site web www.prosailingtour.com se font dans le cadre des besoins li\u00e9s \u00e0 l\u2019utilisation de notre plateforme, tels que le formulaire de contact ou la demande d\u2019inscription \u00e0 la Newsletter. Par ailleurs, le d\u00e9sabonnement de la Newsletter se fait gr\u00e2ce au lien situ\u00e9 en pied de page de celle-ci.<br \/>\nPro Sailing Tour s\u2019engage \u00e0 ne c\u00e9der en aucun cas les informations concernant les utilisateurs du site Internet, de quelque fa\u00e7on qu\u2019il soit (vente, \u00e9change, pr\u00eat, location, don).<\/p>\n<p>Conform\u00e9ment \u00e0 la loi \u00ab informatique et libert\u00e9s \u00bb du 6 janvier 1978 modifi\u00e9e en 2004, l\u2019utilisateur b\u00e9n\u00e9ficie d\u2019un droit d\u2019acc\u00e8s et de rectification aux informations le concernant, droit qu\u2019il peut exercer \u00e0 tout moment en adressant un mail \u00e0 l\u2019adresse contact(at)upwingprod.fr, ou en effectuant sa demande par courrier, \u00e0 l\u2019adresse suivante : 44, boulevard de Magenta 75010 Paris.<\/p>\n<ol start=\"7\">\n<li><strong> Droit applicable et lois concern\u00e9es<\/strong><\/li>\n<\/ol>\n<p>Soumis au droit fran\u00e7ais, le site web\u00a0www.prosailingtour.com est encadr\u00e9 par la loi n\u00b0 2004-2005 du 21 juin 2004 pour la confiance dans l\u2019\u00e9conomie num\u00e9rique, l\u2019article L.335-2 du Code de la Propri\u00e9t\u00e9 Intellectuelle et la loi \u00ab informatique et libert\u00e9s \u00bb du 6 janvier 1978 modifi\u00e9e en 2004.<\/p>\n<\/div>\n<\/section>\n<\/div>\n<\/div>\n<\/div>\n<\/div>\n<\/div>\n<\/div>\n<\/div>\n<\/section>\n","protected":false},"excerpt":{"rendered":"<p>Pr\u00e9sentation de notre site web Conform\u00e9ment \u00e0 la loi n\u00b0 2004-2005 du 21 juin 2004 pour la confiance dans l\u2019\u00e9conomie num\u00e9rique, notre site web prosailingtour.com propri\u00e9taire du site www.prosailingtour.com met \u00e0 disposition du public les informations concernant Pro Sailing Tour. \u00c9ventuellement modifiables, nous vous invitons donc \u00e0 consulter nos mentions l\u00e9gales le plus souvent possible,&#8230;<\/p>\n","protected":false},"author":1,"featured_media":0,"parent":0,"menu_order":0,"comment_status":"closed","ping_status":"closed","template":"","meta":{"footnotes":""},"class_list":["post-8985","page","type-page","status-publish","hentry"],"acf":[],"yoast_head":"<!-- This site is optimized with the Yoast SEO plugin v24.9 - https:\/\/yoast.com\/wordpress\/plugins\/seo\/ -->\n<title>Mentions l\u00e9gales et Politique de confidentialit\u00e9 - Pro Sailing Tour Site Officiel<\/title>\n<meta name=\"robots\" content=\"noindex, nofollow\" \/>\n<meta property=\"og:locale\" content=\"en_US\" \/>\n<meta property=\"og:type\" content=\"article\" \/>\n<meta property=\"og:title\" content=\"Mentions l\u00e9gales et Politique de confidentialit\u00e9 - Pro Sailing Tour Site Officiel\" \/>\n<meta property=\"og:description\" content=\"Pr\u00e9sentation de notre site web Conform\u00e9ment \u00e0 la loi n\u00b0 2004-2005 du 21 juin 2004 pour la confiance dans l\u2019\u00e9conomie num\u00e9rique, notre site web prosailingtour.com propri\u00e9taire du site www.prosailingtour.com met \u00e0 disposition du public les informations concernant Pro Sailing Tour. \u00c9ventuellement modifiables, nous vous invitons donc \u00e0 consulter nos mentions l\u00e9gales le plus souvent possible,...\" \/>\n<meta property=\"og:url\" content=\"https:\/\/prosailingtour.com\/en\/mentions-legales-et-politique-de-confidentialite\/\" \/>\n<meta property=\"og:site_name\" content=\"Pro Sailing Tour Site Officiel\" \/>\n<meta property=\"article:publisher\" content=\"https:\/\/www.facebook.com\/prosailingtour\/\" \/>\n<meta property=\"article:modified_time\" content=\"2023-04-28T15:14:27+00:00\" \/>\n<meta name=\"twitter:card\" content=\"summary_large_image\" \/>\n<meta name=\"twitter:site\" content=\"@ProSailingTour\" \/>\n<meta name=\"twitter:label1\" content=\"Est. reading time\" \/>\n\t<meta name=\"twitter:data1\" content=\"4 minutes\" \/>\n<script type=\"application\/ld+json\" class=\"yoast-schema-graph\">{\"@context\":\"https:\/\/schema.org\",\"@graph\":[{\"@type\":\"WebPage\",\"@id\":\"https:\/\/prosailingtour.com\/en\/mentions-legales-et-politique-de-confidentialite\/\",\"url\":\"https:\/\/prosailingtour.com\/en\/mentions-legales-et-politique-de-confidentialite\/\",\"name\":\"Mentions l\u00e9gales et Politique de confidentialit\u00e9 - Pro Sailing Tour Site Officiel\",\"isPartOf\":{\"@id\":\"https:\/\/prosailingtour.com\/#website\"},\"datePublished\":\"2023-04-07T07:48:07+00:00\",\"dateModified\":\"2023-04-28T15:14:27+00:00\",\"breadcrumb\":{\"@id\":\"https:\/\/prosailingtour.com\/en\/mentions-legales-et-politique-de-confidentialite\/#breadcrumb\"},\"inLanguage\":\"en-US\",\"potentialAction\":[{\"@type\":\"ReadAction\",\"target\":[\"https:\/\/prosailingtour.com\/en\/mentions-legales-et-politique-de-confidentialite\/\"]}]},{\"@type\":\"BreadcrumbList\",\"@id\":\"https:\/\/prosailingtour.com\/en\/mentions-legales-et-politique-de-confidentialite\/#breadcrumb\",\"itemListElement\":[{\"@type\":\"ListItem\",\"position\":1,\"name\":\"Accueil\",\"item\":\"https:\/\/prosailingtour.com\/en\/\"},{\"@type\":\"ListItem\",\"position\":2,\"name\":\"Mentions l\u00e9gales et Politique de confidentialit\u00e9\"}]},{\"@type\":\"WebSite\",\"@id\":\"https:\/\/prosailingtour.com\/#website\",\"url\":\"https:\/\/prosailingtour.com\/\",\"name\":\"Pro Sailing Tour Ocean Fifty\",\"description\":\"Race ProSailingTour 2023 Ocean Fifty\",\"publisher\":{\"@id\":\"https:\/\/prosailingtour.com\/#organization\"},\"potentialAction\":[{\"@type\":\"SearchAction\",\"target\":{\"@type\":\"EntryPoint\",\"urlTemplate\":\"https:\/\/prosailingtour.com\/?s={search_term_string}\"},\"query-input\":{\"@type\":\"PropertyValueSpecification\",\"valueRequired\":true,\"valueName\":\"search_term_string\"}}],\"inLanguage\":\"en-US\"},{\"@type\":\"Organization\",\"@id\":\"https:\/\/prosailingtour.com\/#organization\",\"name\":\"Pro Sailing Tour\",\"url\":\"https:\/\/prosailingtour.com\/\",\"logo\":{\"@type\":\"ImageObject\",\"inLanguage\":\"en-US\",\"@id\":\"https:\/\/prosailingtour.com\/#\/schema\/logo\/image\/\",\"url\":\"https:\/\/prosailingtour.com\/wp-content\/uploads\/2023\/03\/logobleu.png\",\"contentUrl\":\"https:\/\/prosailingtour.com\/wp-content\/uploads\/2023\/03\/logobleu.png\",\"width\":1302,\"height\":188,\"caption\":\"Pro Sailing Tour\"},\"image\":{\"@id\":\"https:\/\/prosailingtour.com\/#\/schema\/logo\/image\/\"},\"sameAs\":[\"https:\/\/www.facebook.com\/prosailingtour\/\",\"https:\/\/x.com\/ProSailingTour\",\"https:\/\/www.instagram.com\/pro_sailing_tour\/\",\"https:\/\/www.youtube.com\/channel\/UCMFXKkMD9V0LYJ_vlE-SHvg\"]}]}<\/script>\n<!-- \/ Yoast SEO plugin. -->","yoast_head_json":{"title":"Mentions l\u00e9gales et Politique de confidentialit\u00e9 - Pro Sailing Tour Site Officiel","robots":{"index":"noindex","follow":"nofollow"},"og_locale":"en_US","og_type":"article","og_title":"Mentions l\u00e9gales et Politique de confidentialit\u00e9 - Pro Sailing Tour Site Officiel","og_description":"Pr\u00e9sentation de notre site web Conform\u00e9ment \u00e0 la loi n\u00b0 2004-2005 du 21 juin 2004 pour la confiance dans l\u2019\u00e9conomie num\u00e9rique, notre site web prosailingtour.com propri\u00e9taire du site www.prosailingtour.com met \u00e0 disposition du public les informations concernant Pro Sailing Tour. \u00c9ventuellement modifiables, nous vous invitons donc \u00e0 consulter nos mentions l\u00e9gales le plus souvent possible,...","og_url":"https:\/\/prosailingtour.com\/en\/mentions-legales-et-politique-de-confidentialite\/","og_site_name":"Pro Sailing Tour Site Officiel","article_publisher":"https:\/\/www.facebook.com\/prosailingtour\/","article_modified_time":"2023-04-28T15:14:27+00:00","twitter_card":"summary_large_image","twitter_site":"@ProSailingTour","twitter_misc":{"Est. reading time":"4 minutes"},"schema":{"@context":"https:\/\/schema.org","@graph":[{"@type":"WebPage","@id":"https:\/\/prosailingtour.com\/en\/mentions-legales-et-politique-de-confidentialite\/","url":"https:\/\/prosailingtour.com\/en\/mentions-legales-et-politique-de-confidentialite\/","name":"Mentions l\u00e9gales et Politique de confidentialit\u00e9 - Pro Sailing Tour Site Officiel","isPartOf":{"@id":"https:\/\/prosailingtour.com\/#website"},"datePublished":"2023-04-07T07:48:07+00:00","dateModified":"2023-04-28T15:14:27+00:00","breadcrumb":{"@id":"https:\/\/prosailingtour.com\/en\/mentions-legales-et-politique-de-confidentialite\/#breadcrumb"},"inLanguage":"en-US","potentialAction":[{"@type":"ReadAction","target":["https:\/\/prosailingtour.com\/en\/mentions-legales-et-politique-de-confidentialite\/"]}]},{"@type":"BreadcrumbList","@id":"https:\/\/prosailingtour.com\/en\/mentions-legales-et-politique-de-confidentialite\/#breadcrumb","itemListElement":[{"@type":"ListItem","position":1,"name":"Accueil","item":"https:\/\/prosailingtour.com\/en\/"},{"@type":"ListItem","position":2,"name":"Mentions l\u00e9gales et Politique de confidentialit\u00e9"}]},{"@type":"WebSite","@id":"https:\/\/prosailingtour.com\/#website","url":"https:\/\/prosailingtour.com\/","name":"Pro Sailing Tour Ocean Fifty","description":"Race ProSailingTour 2023 Ocean Fifty","publisher":{"@id":"https:\/\/prosailingtour.com\/#organization"},"potentialAction":[{"@type":"SearchAction","target":{"@type":"EntryPoint","urlTemplate":"https:\/\/prosailingtour.com\/?s={search_term_string}"},"query-input":{"@type":"PropertyValueSpecification","valueRequired":true,"valueName":"search_term_string"}}],"inLanguage":"en-US"},{"@type":"Organization","@id":"https:\/\/prosailingtour.com\/#organization","name":"Pro Sailing Tour","url":"https:\/\/prosailingtour.com\/","logo":{"@type":"ImageObject","inLanguage":"en-US","@id":"https:\/\/prosailingtour.com\/#\/schema\/logo\/image\/","url":"https:\/\/prosailingtour.com\/wp-content\/uploads\/2023\/03\/logobleu.png","contentUrl":"https:\/\/prosailingtour.com\/wp-content\/uploads\/2023\/03\/logobleu.png","width":1302,"height":188,"caption":"Pro Sailing Tour"},"image":{"@id":"https:\/\/prosailingtour.com\/#\/schema\/logo\/image\/"},"sameAs":["https:\/\/www.facebook.com\/prosailingtour\/","https:\/\/x.com\/ProSailingTour","https:\/\/www.instagram.com\/pro_sailing_tour\/","https:\/\/www.youtube.com\/channel\/UCMFXKkMD9V0LYJ_vlE-SHvg"]}]}},"_links":{"self":[{"href":"https:\/\/prosailingtour.com\/en\/wp-json\/wp\/v2\/pages\/8985","targetHints":{"allow":["GET"]}}],"collection":[{"href":"https:\/\/prosailingtour.com\/en\/wp-json\/wp\/v2\/pages"}],"about":[{"href":"https:\/\/prosailingtour.com\/en\/wp-json\/wp\/v2\/types\/page"}],"author":[{"embeddable":true,"href":"https:\/\/prosailingtour.com\/en\/wp-json\/wp\/v2\/users\/1"}],"replies":[{"embeddable":true,"href":"https:\/\/prosailingtour.com\/en\/wp-json\/wp\/v2\/comments?post=8985"}],"version-history":[{"count":2,"href":"https:\/\/prosailingtour.com\/en\/wp-json\/wp\/v2\/pages\/8985\/revisions"}],"predecessor-version":[{"id":9309,"href":"https:\/\/prosailingtour.com\/en\/wp-json\/wp\/v2\/pages\/8985\/revisions\/9309"}],"wp:attachment":[{"href":"https:\/\/prosailingtour.com\/en\/wp-json\/wp\/v2\/media?parent=8985"}],"curies":[{"name":"wp","href":"https:\/\/api.w.org\/{rel}","templated":true}]}}