{"id":8989,"date":"2023-03-07T14:47:14","date_gmt":"2023-03-07T13:47:14","guid":{"rendered":"https:\/\/prosailingtour.com\/partenaires\/"},"modified":"2023-04-07T12:24:13","modified_gmt":"2023-04-07T10:24:13","slug":"partenaires","status":"publish","type":"page","link":"https:\/\/prosailingtour.com\/en\/partenaires\/","title":{"rendered":"Partners"},"content":{"rendered":"<section class=\"l-section wpb_row height_small\"><div class=\"l-section-h i-cf\"><div class=\"g-cols vc_row via_grid cols_1 laptops-cols_inherit tablets-cols_inherit mobiles-cols_1 valign_top type_default stacking_default\"><div class=\"wpb_column vc_column_container\"><div class=\"vc_column-inner\"><div class=\"wpb_text_column us_custom_1e7b63d0 has_text_color\"><div class=\"wpb_wrapper\"><h6 style=\"text-align: center;\">Thanks to<\/h6>\n<\/div><\/div><div class=\"w-separator size_huge\"><\/div><\/div><\/div><\/div><\/div><\/section><section class=\"l-section wpb_row height_small\"><div class=\"l-section-h i-cf\"><div class=\"g-cols vc_row via_grid cols_4-1 laptops-cols_inherit tablets-cols_inherit mobiles-cols_1 valign_top type_default stacking_default\"><div class=\"wpb_column vc_column_container\"><div class=\"vc_column-inner\"><div class=\"w-image us_custom_214cff5d align_none\"><a target=\"_blank\" href=\"https:\/\/www.allianz.fr\/\" rel=\"noopener\" aria-label=\"Link\" class=\"w-image-h\"><img loading=\"lazy\" decoding=\"async\" width=\"1024\" height=\"254\" src=\"https:\/\/prosailingtour.com\/wp-content\/uploads\/2023\/04\/AZ_Logo_positive_RGB-1024x254.png\" class=\"attachment-large size-large\" alt=\"\" srcset=\"https:\/\/prosailingtour.com\/wp-content\/uploads\/2023\/04\/AZ_Logo_positive_RGB-1024x254.png 1024w, https:\/\/prosailingtour.com\/wp-content\/uploads\/2023\/04\/AZ_Logo_positive_RGB-300x74.png 300w, https:\/\/prosailingtour.com\/wp-content\/uploads\/2023\/04\/AZ_Logo_positive_RGB-20x5.png 20w, https:\/\/prosailingtour.com\/wp-content\/uploads\/2023\/04\/AZ_Logo_positive_RGB.png 1666w\" sizes=\"auto, (max-width: 1024px) 100vw, 1024px\" \/><\/a><\/div><div class=\"w-separator size_medium\"><\/div><div class=\"wpb_text_column\"><div class=\"wpb_wrapper\"><p>Allianz s&#8217;engage depuis plus de 20 ans dans le sport et les grands \u00e9v\u00e8nements sportifs au niveau international comme national.\u00a0 Assureur de plusieurs f\u00e9d\u00e9rations, ligues et comit\u00e9s, nous\u00a0prot\u00e9geons au quotidien un grand nombre de sportifs professionnels et amateurs, en tenant compte des obligations sp\u00e9cifiques li\u00e9es au sport.<\/p>\n<p>En devenant partenaire mondial du Comit\u00e9 International Olympique et des Jeux Olympiques et Paralympiques de 2021 \u00e0 2028, Allianz renforce sa position dans les grands \u00e9v\u00e9nements sportifs et associe sa marque aux valeurs v\u00e9hicul\u00e9es par l\u2019Olympisme. Au travers de cet engagement, Allianz travaille de concert avec le CIO, l\u2019IPC et Paris 2024 pour fournir des solutions novatrices et int\u00e9gr\u00e9es en mati\u00e8re d&#8217;assurances afin de soutenir les Jeux Olympiques et Paralympiques, les fans de sport, les \u00e9quipes nationales et les athl\u00e8tes.<\/p>\n<p>Soucieux d\u2019\u00eatre au plus proche des acteurs et \u00e9v\u00e9nements v\u00e9hiculant les belles valeurs du sport, nous \u00e9tablissons des partenariats avec des organisations qui partagent la m\u00eame vision et adoptent des id\u00e9es innovantes ayant un impact positif sur le monde.<\/p>\n<p>C&#8217;est pourquoi nous avons choisi de soutenir et devenir Fournisseur Officiel du Pro Sailing Tour, un \u00e9v\u00e9nement sportif de renomm\u00e9e internationale d\u00e9di\u00e9 \u00e0 des multicoques et des navigateurs d\u2019exception. Au travers de ce circuit de courses in\u00e9dit qui met en avant l&#8217;excellence sportive et les valeurs de performance, de comp\u00e9titivit\u00e9, d&#8217;innovation et de responsabilit\u00e9. Allianz souhaite faire vivre ce moment immersif en pr\u00e9sence de ses clients, prospects et partenaires.<\/p>\n<p>Nous sommes persuad\u00e9s que cet engagement au c\u00f4t\u00e9 du Pro Sailing Tour est le d\u00e9but d\u2019une belle histoire pour partager nos valeurs communes.<\/p>\n<blockquote>\n<p><em>\u00a0<\/em><\/p>\n<p><em>Le Pro Sailing Tour est une comp\u00e9tition de voile de renomm\u00e9e internationale, qui met en avant l&#8217;excellence sportive et les valeurs de performance, de comp\u00e9titivit\u00e9, d&#8217;innovation et de responsabilit\u00e9. En tant que partenaire du Pro Sailing Tour, nous avons l&#8217;opportunit\u00e9 de renforcer notre pr\u00e9sence dans le monde du sport et de mettre en avant notre engagement envers les nouveaux enjeux RSE.<\/em><\/p>\n<p><em>Nous sommes convaincus que notre exp\u00e9rience dans le sport, associ\u00e9 \u00e0 notre expertise en mati\u00e8re d&#8217;assurance et de services financiers, nous permettra de cr\u00e9er au travers de ce partenariat de la valeur pour nos clients et nos partenaires.\u00a0\u00bb<\/em><\/p>\n<\/blockquote>\n<p><strong>Fabrice Michel-Villaz,<\/strong><br \/>\nHead of Strategic Olympic &amp; Sport Business Allianz France<\/p>\n<\/div><\/div><div class=\"w-separator size_small with_line width_default thick_1 style_solid color_border align_center\"><div class=\"w-separator-h\"><\/div><\/div><\/div><\/div><div class=\"wpb_column vc_column_container hide_on_tablets hide_on_mobiles\"><div class=\"vc_column-inner\"><\/div><\/div><\/div><\/div><\/section><section class=\"l-section wpb_row height_small\"><div class=\"l-section-h i-cf\"><div class=\"g-cols vc_row via_grid cols_4-1 laptops-cols_inherit tablets-cols_inherit mobiles-cols_1 valign_top type_default stacking_default\"><div class=\"wpb_column vc_column_container\"><div class=\"vc_column-inner\"><div class=\"w-image us_custom_214cff5d align_none\"><a target=\"_blank\" href=\"https:\/\/www.petzl.com\/FR\/fr\" rel=\"noopener\" aria-label=\"Link\" class=\"w-image-h\"><img loading=\"lazy\" decoding=\"async\" width=\"332\" height=\"170\" src=\"https:\/\/prosailingtour.com\/wp-content\/uploads\/2023\/03\/PROSAILINGTOUR-LOGO-PETZL.png\" class=\"attachment-large size-large\" alt=\"\" srcset=\"https:\/\/prosailingtour.com\/wp-content\/uploads\/2023\/03\/PROSAILINGTOUR-LOGO-PETZL.png 332w, https:\/\/prosailingtour.com\/wp-content\/uploads\/2023\/03\/PROSAILINGTOUR-LOGO-PETZL-300x154.png 300w, https:\/\/prosailingtour.com\/wp-content\/uploads\/2023\/03\/PROSAILINGTOUR-LOGO-PETZL-20x10.png 20w\" sizes=\"auto, (max-width: 332px) 100vw, 332px\" \/><\/a><\/div><div class=\"w-separator size_medium\"><\/div><div class=\"wpb_text_column\"><div class=\"wpb_wrapper\"><p>Depuis plus de 50 ans, Petzl d\u00e9veloppe des outils et des techniques innovants utilis\u00e9s par ceux qui travaillent et jouent dans les mondes verticaux et obscurs. Aujourd&#8217;hui, la marque Petzl est \u00e9troitement associ\u00e9e \u00e0 l&#8217;aventure, \u00e0 l&#8217;exploration et \u00e0 de nombreux exploits dans les domaines de l&#8217;escalade, de la sp\u00e9l\u00e9ologie et de l&#8217;alpinisme. Sur le march\u00e9 professionnel, Petzl est un leader mondial en mati\u00e8re d&#8217;\u00e9quipements et de techniques de travail en hauteur. Entreprise familiale, Petzl s&#8217;engage non seulement en faveur de la qualit\u00e9 et de l&#8217;innovation, mais aussi en faveur des communaut\u00e9s qui ont fait son succ\u00e8s.<\/p>\n<blockquote>\n<p>Le monde de la voile et de la course au large cumulant \u00e0 la fois la verticalit\u00e9 et la nuit, nous sommes tr\u00e8s fier de nous engager aupr\u00e8s du Pro Sailing Tour 2023, de partager cette belle aventure humaine et contribuer \u00e0 \u00e9clairer la route de ces marins d\u2019exception.<\/p>\n<\/blockquote>\n<p><strong>Olivier Richard<\/strong><br \/>\nBrand Marketing Director<\/p>\n<\/div><\/div><div class=\"w-separator size_small with_line width_default thick_1 style_solid color_border align_center\"><div class=\"w-separator-h\"><\/div><\/div><\/div><\/div><div class=\"wpb_column vc_column_container hide_on_tablets hide_on_mobiles\"><div class=\"vc_column-inner\"><\/div><\/div><\/div><\/div><\/section><section class=\"l-section wpb_row height_small\"><div class=\"l-section-h i-cf\"><div class=\"g-cols vc_row via_grid cols_4-1 laptops-cols_inherit tablets-cols_inherit mobiles-cols_1 valign_top type_default stacking_default\"><div class=\"wpb_column vc_column_container\"><div class=\"vc_column-inner\"><div class=\"w-image us_custom_214cff5d align_none\"><a target=\"_blank\" href=\"https:\/\/www.bolle.com\/fr\/\" rel=\"noopener\" aria-label=\"Link\" class=\"w-image-h\"><img loading=\"lazy\" decoding=\"async\" width=\"384\" height=\"178\" src=\"https:\/\/prosailingtour.com\/wp-content\/uploads\/2023\/03\/Capture-decran-2022-04-28-a-16.44.09.png\" class=\"attachment-large size-large\" alt=\"\" srcset=\"https:\/\/prosailingtour.com\/wp-content\/uploads\/2023\/03\/Capture-decran-2022-04-28-a-16.44.09.png 384w, https:\/\/prosailingtour.com\/wp-content\/uploads\/2023\/03\/Capture-decran-2022-04-28-a-16.44.09-300x139.png 300w, https:\/\/prosailingtour.com\/wp-content\/uploads\/2023\/03\/Capture-decran-2022-04-28-a-16.44.09-20x9.png 20w\" sizes=\"auto, (max-width: 384px) 100vw, 384px\" \/><\/a><\/div><div class=\"w-separator size_medium\"><\/div><div class=\"wpb_text_column\"><div class=\"wpb_wrapper\"><p>Marque fran\u00e7aise cr\u00e9\u00e9e en 1888 et reconnue mondialement dans le domaine de l\u2019outdoor, Boll\u00e9 sera partenaire du Pro Sailing Tour pour la deuxi\u00e8me ann\u00e9e et consolide son projet ambitieux de revenir sur le devant de la sc\u00e8ne nautique. Apr\u00e8s le tripl\u00e9 historique dans la cat\u00e9gorie Oc\u00e9an Fifty lors de la Route du Rhum d\u2019Erwan Le Roux, Quentin Vlamynck et S\u00e9bastien Rogues, Boll\u00e9 retrouve pleinement dans cette classe et ce circuit du PST, ses valeurs de performance, d\u2019innovation et de d\u00e9passement de soi.<\/p>\n<blockquote>\n<p>Nous sommes tr\u00e8s heureux d\u2019\u00e9quiper encore cette ann\u00e9e l\u2019ensemble des \u00e9quipages et le staff \u00e0 terre avec nos lunettes de soleil d\u00e9di\u00e9es \u00e0 la pratique de la voile et aux exigences de ce sport. Notre premi\u00e8re saison aux c\u00f4t\u00e9s du Pro Sailing Tour nous a montr\u00e9 que cette aventure humaine, collective et innovante \u00e9tait en parfaite ad\u00e9quation avec nos valeurs. Nous avons h\u00e2te d\u2019\u00e9crire la suite de cette histoire et de d\u00e9couvrir le nouveau parcours et les nouveaux bateaux de cette saison 3 ! \u00bb<\/p>\n<\/blockquote>\n<p><strong>Sandie Tourondel,<\/strong><br \/>\nDirectrice de la Communication Boll\u00e9 Brands<\/p>\n<\/div><\/div><div class=\"w-separator size_small with_line width_default thick_1 style_solid color_border align_center\"><div class=\"w-separator-h\"><\/div><\/div><\/div><\/div><div class=\"wpb_column vc_column_container hide_on_tablets hide_on_mobiles\"><div class=\"vc_column-inner\"><\/div><\/div><\/div><\/div><\/section><section class=\"l-section wpb_row height_small\"><div class=\"l-section-h i-cf\"><div class=\"g-cols vc_row via_grid cols_4-1 laptops-cols_inherit tablets-cols_inherit mobiles-cols_1 valign_top type_default stacking_default\"><div class=\"wpb_column vc_column_container\"><div class=\"vc_column-inner\"><div class=\"w-image us_custom_214cff5d align_none\"><a target=\"_blank\" href=\"https:\/\/www.keneo.com\/\" rel=\"noopener\" aria-label=\"Link\" class=\"w-image-h\"><img loading=\"lazy\" decoding=\"async\" width=\"293\" height=\"88\" src=\"https:\/\/prosailingtour.com\/wp-content\/uploads\/2023\/04\/keneo-logo.png\" class=\"attachment-large size-large\" alt=\"\" srcset=\"https:\/\/prosailingtour.com\/wp-content\/uploads\/2023\/04\/keneo-logo.png 293w, https:\/\/prosailingtour.com\/wp-content\/uploads\/2023\/04\/keneo-logo-20x6.png 20w\" sizes=\"auto, (max-width: 293px) 100vw, 293px\" \/><\/a><\/div><div class=\"w-separator size_medium\"><\/div><div class=\"wpb_text_column\"><div class=\"wpb_wrapper\"><p>Le format du Pro Sailing Tour ainsi que les \u00e9tapes ont \u00e9t\u00e9 pens\u00e9s pour valoriser les capacit\u00e9s des bateaux, les aptitudes des skippers et garantir une comp\u00e9tition disput\u00e9e jusqu\u2019\u00e0 la derni\u00e8re course.<\/p>\n<p>Seule course o\u00f9 nous pouvons embarquer des \u00ab guests \u00bb pendant les manches de la comp\u00e9tition. Id\u00e9al pour les op\u00e9rations de relations publiques des marques.<\/p>\n<p>L\u2019ambition commune des dirigeants d\u2019UPSWING Prod et de KENEO est de proposer aux diffuseurs, aux institutions sportives et aux marques, des solutions originales et exclusives dans la conception, l\u2019organisation et la transmission de toutes les formes d\u2019exp\u00e9riences sportives au grand public. Que ce soit sur les eaux de l\u2019Atlantique, de la M\u00e9diterran\u00e9e ou de la Manche, au large des c\u00f4tes fran\u00e7aises et britanniques les 7 teams pourront briller sportivement et d\u00e9fendre les causes environnementales et sociales pour lesquelles ils sont engag\u00e9s.<\/p>\n<blockquote>\n<p>Nous investissons aux c\u00f4t\u00e9s d\u2019UPSWING Prod car nous croyons \u00e0 la force du mod\u00e8le \u00e9v\u00e9nementiel innovant du PRO SAILING TOUR. Nous sommes heureux de pouvoir contribuer \u00e0 son d\u00e9veloppement. Toutes les \u00e9quipes de KENEO sont mobilis\u00e9es pour apporter leur expertise \u00e0 ce circuit. Je pense notamment \u00e0 l\u2019organisation des villages, \u00e0 l\u2019exp\u00e9rience spectateurs et \u00e0 l\u2019accompagnement des partenaires publics et priv\u00e9s. Notre association se mat\u00e9rialise \u00e9galement par l\u2019enrichissement des solutions que nous proposons aux marques, gr\u00e2ce \u00e0 la production de contenus audiovisuels originaux, cr\u00e9atifs et immersifs, qui fondent l\u2019identit\u00e9 d\u2019UPSWING Prod. \u00bb<\/p>\n<\/blockquote>\n<p><strong>Vincent de Bary,<\/strong><br \/>\nPr\u00e9sident de KENEO<\/p>\n<\/div><\/div><\/div><\/div><div class=\"wpb_column vc_column_container hide_on_tablets hide_on_mobiles\"><div class=\"vc_column-inner\"><\/div><\/div><\/div><\/div><\/section>\n","protected":false},"excerpt":{"rendered":"Thanks to Allianz s&#8217;engage depuis plus de 20 ans dans le sport et les grands \u00e9v\u00e8nements sportifs au niveau international comme national.\u00a0 Assureur de plusieurs f\u00e9d\u00e9rations, ligues et comit\u00e9s, nous\u00a0prot\u00e9geons au quotidien un grand nombre de sportifs professionnels et amateurs, en tenant compte des obligations sp\u00e9cifiques li\u00e9es au sport. En devenant partenaire mondial du Comit\u00e9...","protected":false},"author":1,"featured_media":0,"parent":0,"menu_order":0,"comment_status":"closed","ping_status":"closed","template":"","meta":{"footnotes":""},"class_list":["post-8989","page","type-page","status-publish","hentry"],"acf":[],"yoast_head":"<!-- This site is optimized with the Yoast SEO plugin v24.9 - https:\/\/yoast.com\/wordpress\/plugins\/seo\/ -->\n<title>Partners - Pro Sailing Tour Site Officiel<\/title>\n<meta name=\"robots\" content=\"index, follow, max-snippet:-1, max-image-preview:large, max-video-preview:-1\" \/>\n<link rel=\"canonical\" href=\"https:\/\/prosailingtour.com\/en\/partenaires\/\" \/>\n<meta property=\"og:locale\" content=\"en_US\" \/>\n<meta property=\"og:type\" content=\"article\" \/>\n<meta property=\"og:title\" content=\"Partners - Pro Sailing Tour Site Officiel\" \/>\n<meta property=\"og:url\" content=\"https:\/\/prosailingtour.com\/en\/partenaires\/\" \/>\n<meta property=\"og:site_name\" content=\"Pro Sailing Tour Site Officiel\" \/>\n<meta property=\"article:publisher\" content=\"https:\/\/www.facebook.com\/prosailingtour\/\" \/>\n<meta property=\"article:modified_time\" content=\"2023-04-07T10:24:13+00:00\" \/>\n<meta name=\"twitter:card\" content=\"summary_large_image\" \/>\n<meta name=\"twitter:site\" content=\"@ProSailingTour\" \/>\n<meta name=\"twitter:label1\" content=\"Est. reading time\" \/>\n\t<meta name=\"twitter:data1\" content=\"7 minutes\" \/>\n<script type=\"application\/ld+json\" class=\"yoast-schema-graph\">{\"@context\":\"https:\/\/schema.org\",\"@graph\":[{\"@type\":\"WebPage\",\"@id\":\"https:\/\/prosailingtour.com\/en\/partenaires\/\",\"url\":\"https:\/\/prosailingtour.com\/en\/partenaires\/\",\"name\":\"Partners - Pro Sailing Tour Site Officiel\",\"isPartOf\":{\"@id\":\"https:\/\/prosailingtour.com\/#website\"},\"datePublished\":\"2023-03-07T13:47:14+00:00\",\"dateModified\":\"2023-04-07T10:24:13+00:00\",\"breadcrumb\":{\"@id\":\"https:\/\/prosailingtour.com\/en\/partenaires\/#breadcrumb\"},\"inLanguage\":\"en-US\",\"potentialAction\":[{\"@type\":\"ReadAction\",\"target\":[\"https:\/\/prosailingtour.com\/en\/partenaires\/\"]}]},{\"@type\":\"BreadcrumbList\",\"@id\":\"https:\/\/prosailingtour.com\/en\/partenaires\/#breadcrumb\",\"itemListElement\":[{\"@type\":\"ListItem\",\"position\":1,\"name\":\"Accueil\",\"item\":\"https:\/\/prosailingtour.com\/en\/\"},{\"@type\":\"ListItem\",\"position\":2,\"name\":\"Partners\"}]},{\"@type\":\"WebSite\",\"@id\":\"https:\/\/prosailingtour.com\/#website\",\"url\":\"https:\/\/prosailingtour.com\/\",\"name\":\"Pro Sailing Tour Ocean Fifty\",\"description\":\"Race ProSailingTour 2023 Ocean Fifty\",\"publisher\":{\"@id\":\"https:\/\/prosailingtour.com\/#organization\"},\"potentialAction\":[{\"@type\":\"SearchAction\",\"target\":{\"@type\":\"EntryPoint\",\"urlTemplate\":\"https:\/\/prosailingtour.com\/?s={search_term_string}\"},\"query-input\":{\"@type\":\"PropertyValueSpecification\",\"valueRequired\":true,\"valueName\":\"search_term_string\"}}],\"inLanguage\":\"en-US\"},{\"@type\":\"Organization\",\"@id\":\"https:\/\/prosailingtour.com\/#organization\",\"name\":\"Pro Sailing Tour\",\"url\":\"https:\/\/prosailingtour.com\/\",\"logo\":{\"@type\":\"ImageObject\",\"inLanguage\":\"en-US\",\"@id\":\"https:\/\/prosailingtour.com\/#\/schema\/logo\/image\/\",\"url\":\"https:\/\/prosailingtour.com\/wp-content\/uploads\/2023\/03\/logobleu.png\",\"contentUrl\":\"https:\/\/prosailingtour.com\/wp-content\/uploads\/2023\/03\/logobleu.png\",\"width\":1302,\"height\":188,\"caption\":\"Pro Sailing Tour\"},\"image\":{\"@id\":\"https:\/\/prosailingtour.com\/#\/schema\/logo\/image\/\"},\"sameAs\":[\"https:\/\/www.facebook.com\/prosailingtour\/\",\"https:\/\/x.com\/ProSailingTour\",\"https:\/\/www.instagram.com\/pro_sailing_tour\/\",\"https:\/\/www.youtube.com\/channel\/UCMFXKkMD9V0LYJ_vlE-SHvg\"]}]}<\/script>\n<!-- \/ Yoast SEO plugin. -->","yoast_head_json":{"title":"Partners - Pro Sailing Tour Site Officiel","robots":{"index":"index","follow":"follow","max-snippet":"max-snippet:-1","max-image-preview":"max-image-preview:large","max-video-preview":"max-video-preview:-1"},"canonical":"https:\/\/prosailingtour.com\/en\/partenaires\/","og_locale":"en_US","og_type":"article","og_title":"Partners - Pro Sailing Tour Site Officiel","og_url":"https:\/\/prosailingtour.com\/en\/partenaires\/","og_site_name":"Pro Sailing Tour Site Officiel","article_publisher":"https:\/\/www.facebook.com\/prosailingtour\/","article_modified_time":"2023-04-07T10:24:13+00:00","twitter_card":"summary_large_image","twitter_site":"@ProSailingTour","twitter_misc":{"Est. reading time":"7 minutes"},"schema":{"@context":"https:\/\/schema.org","@graph":[{"@type":"WebPage","@id":"https:\/\/prosailingtour.com\/en\/partenaires\/","url":"https:\/\/prosailingtour.com\/en\/partenaires\/","name":"Partners - Pro Sailing Tour Site Officiel","isPartOf":{"@id":"https:\/\/prosailingtour.com\/#website"},"datePublished":"2023-03-07T13:47:14+00:00","dateModified":"2023-04-07T10:24:13+00:00","breadcrumb":{"@id":"https:\/\/prosailingtour.com\/en\/partenaires\/#breadcrumb"},"inLanguage":"en-US","potentialAction":[{"@type":"ReadAction","target":["https:\/\/prosailingtour.com\/en\/partenaires\/"]}]},{"@type":"BreadcrumbList","@id":"https:\/\/prosailingtour.com\/en\/partenaires\/#breadcrumb","itemListElement":[{"@type":"ListItem","position":1,"name":"Accueil","item":"https:\/\/prosailingtour.com\/en\/"},{"@type":"ListItem","position":2,"name":"Partners"}]},{"@type":"WebSite","@id":"https:\/\/prosailingtour.com\/#website","url":"https:\/\/prosailingtour.com\/","name":"Pro Sailing Tour Ocean Fifty","description":"Race ProSailingTour 2023 Ocean Fifty","publisher":{"@id":"https:\/\/prosailingtour.com\/#organization"},"potentialAction":[{"@type":"SearchAction","target":{"@type":"EntryPoint","urlTemplate":"https:\/\/prosailingtour.com\/?s={search_term_string}"},"query-input":{"@type":"PropertyValueSpecification","valueRequired":true,"valueName":"search_term_string"}}],"inLanguage":"en-US"},{"@type":"Organization","@id":"https:\/\/prosailingtour.com\/#organization","name":"Pro Sailing Tour","url":"https:\/\/prosailingtour.com\/","logo":{"@type":"ImageObject","inLanguage":"en-US","@id":"https:\/\/prosailingtour.com\/#\/schema\/logo\/image\/","url":"https:\/\/prosailingtour.com\/wp-content\/uploads\/2023\/03\/logobleu.png","contentUrl":"https:\/\/prosailingtour.com\/wp-content\/uploads\/2023\/03\/logobleu.png","width":1302,"height":188,"caption":"Pro Sailing Tour"},"image":{"@id":"https:\/\/prosailingtour.com\/#\/schema\/logo\/image\/"},"sameAs":["https:\/\/www.facebook.com\/prosailingtour\/","https:\/\/x.com\/ProSailingTour","https:\/\/www.instagram.com\/pro_sailing_tour\/","https:\/\/www.youtube.com\/channel\/UCMFXKkMD9V0LYJ_vlE-SHvg"]}]}},"_links":{"self":[{"href":"https:\/\/prosailingtour.com\/en\/wp-json\/wp\/v2\/pages\/8989","targetHints":{"allow":["GET"]}}],"collection":[{"href":"https:\/\/prosailingtour.com\/en\/wp-json\/wp\/v2\/pages"}],"about":[{"href":"https:\/\/prosailingtour.com\/en\/wp-json\/wp\/v2\/types\/page"}],"author":[{"embeddable":true,"href":"https:\/\/prosailingtour.com\/en\/wp-json\/wp\/v2\/users\/1"}],"replies":[{"embeddable":true,"href":"https:\/\/prosailingtour.com\/en\/wp-json\/wp\/v2\/comments?post=8989"}],"version-history":[{"count":0,"href":"https:\/\/prosailingtour.com\/en\/wp-json\/wp\/v2\/pages\/8989\/revisions"}],"wp:attachment":[{"href":"https:\/\/prosailingtour.com\/en\/wp-json\/wp\/v2\/media?parent=8989"}],"curies":[{"name":"wp","href":"https:\/\/api.w.org\/{rel}","templated":true}]}}