{"id":8995,"date":"2023-03-02T15:03:38","date_gmt":"2023-03-02T14:03:38","guid":{"rendered":"https:\/\/prosailingtour.com\/la-course\/"},"modified":"2023-04-07T11:37:41","modified_gmt":"2023-04-07T09:37:41","slug":"la-course","status":"publish","type":"page","link":"https:\/\/prosailingtour.com\/en\/la-course\/","title":{"rendered":"The Race"},"content":{"rendered":"<section class=\"l-section wpb_row us_custom_08a6bd2a hide_on_tablets hide_on_mobiles height_medium\"><div class=\"l-section-overlay\" style=\"background:var(--color-header-middle-bg)\"><\/div><div class=\"l-section-h i-cf\"><div class=\"g-cols vc_row via_grid cols_1 laptops-cols_inherit tablets-cols_inherit mobiles-cols_1 valign_top type_default stacking_default\"><div class=\"wpb_column vc_column_container\"><div class=\"vc_column-inner\"><div class=\"w-hwrapper align_center valign_middle\" style=\"--hwrapper-gap:1.20rem\"><div class=\"w-image align_center\"><div class=\"w-image-h\"><img loading=\"lazy\" decoding=\"async\" width=\"1024\" height=\"132\" src=\"https:\/\/prosailingtour.com\/wp-content\/uploads\/2023\/04\/PARCOURS-TIMELINE23-en-1024x132.png\" class=\"attachment-large size-large\" alt=\"\" srcset=\"https:\/\/prosailingtour.com\/wp-content\/uploads\/2023\/04\/PARCOURS-TIMELINE23-en-1024x132.png 1024w, https:\/\/prosailingtour.com\/wp-content\/uploads\/2023\/04\/PARCOURS-TIMELINE23-en-300x39.png 300w, https:\/\/prosailingtour.com\/wp-content\/uploads\/2023\/04\/PARCOURS-TIMELINE23-en-20x3.png 20w\" sizes=\"auto, (max-width: 1024px) 100vw, 1024px\" \/><\/div><\/div><div class=\"w-btn-wrapper align_none\"><a class=\"w-btn us-btn-style_3\" href=\"http:\/\/en\/\/la-course\/#episodes\"><span class=\"w-btn-label\">Episodes<\/span><\/a><\/div><\/div><\/div><\/div><\/div><\/div><\/section><section class=\"l-section wpb_row height_medium\" id=\"episodes\"><div class=\"l-section-h i-cf\"><div class=\"g-cols vc_row via_grid cols_1 laptops-cols_inherit tablets-cols_inherit mobiles-cols_1 valign_top type_default stacking_default\"><div class=\"wpb_column vc_column_container\"><div class=\"vc_column-inner\"><h2 class=\"w-text us_custom_064d3121\"><span class=\"w-text-h\"><span class=\"w-text-value\">Episodes<\/span><\/span><\/h2><h5 class=\"w-text us_custom_58762a55 has_text_color\"><span class=\"w-text-h\"><span class=\"w-text-value\">|<\/span><\/span><\/h5><div class=\"w-tabs layout_hor style_timeline switch_hover has_scrolling\" style=\"--sections-title-size:1.2rem\"><div class=\"w-tabs-list items_6 align_justify\" style=\"font-family:var(--font-h1);font-weight:600;\"><div class=\"w-tabs-list-h\"><button class=\"w-tabs-item active defined-active\" aria-controls=\"content-mbc8\" aria-expanded=\"true\"><span class=\"w-tabs-item-title\">MAY 12<\/span><\/button><button class=\"w-tabs-item\" aria-controls=\"content-gccb\" aria-expanded=\"false\"><span class=\"w-tabs-item-title\">MAY 14<\/span><\/button><button class=\"w-tabs-item\" aria-controls=\"content-eda5\" aria-expanded=\"false\"><span class=\"w-tabs-item-title\">MAY 17<\/span><\/button><button class=\"w-tabs-item\" aria-controls=\"content-re73\" aria-expanded=\"false\"><span class=\"w-tabs-item-title\">MAY 18<\/span><\/button><button class=\"w-tabs-item\" aria-controls=\"content-cf3d\" aria-expanded=\"false\"><span class=\"w-tabs-item-title\">MAY 21<\/span><\/button><button class=\"w-tabs-item\" aria-controls=\"content-m00f\" aria-expanded=\"false\"><span class=\"w-tabs-item-title\">MAY 27<\/span><\/button><\/div><\/div><div class=\"w-tabs-sections titles-align_none icon_chevron cpos_right\"><div class=\"w-tabs-section active\" id=\"mbc8\"><button class=\"w-tabs-section-header active\" aria-controls=\"content-mbc8\" aria-expanded=\"true\"><div class=\"w-tabs-section-title\">MAY 12<\/div><div class=\"w-tabs-section-control\"><\/div><\/button><div  class=\"w-tabs-section-content\" id=\"content-mbc8\"><div class=\"w-tabs-section-content-h i-cf\"><div class=\"wpb_text_column\"><div class=\"wpb_wrapper\"><h2>Start La Seyne-sur-Mer<\/h2>\n<p>Plus d&#8217;infos tr\u00e8s prochainement<\/p>\n<\/div><\/div><\/div><\/div><\/div><div class=\"w-tabs-section\" id=\"gccb\"><button class=\"w-tabs-section-header\" aria-controls=\"content-gccb\" aria-expanded=\"false\"><div class=\"w-tabs-section-title\">MAY 14<\/div><div class=\"w-tabs-section-control\"><\/div><\/button><div  class=\"w-tabs-section-content\" id=\"content-gccb\"><div class=\"w-tabs-section-content-h i-cf\"><div class=\"wpb_text_column\"><div class=\"wpb_wrapper\"><h2>Arrival Bonifacio<\/h2>\n<p>Plus d&#8217;infos tr\u00e8s prochainement<\/p>\n<\/div><\/div><\/div><\/div><\/div><div class=\"w-tabs-section\" id=\"eda5\"><button class=\"w-tabs-section-header\" aria-controls=\"content-eda5\" aria-expanded=\"false\"><div class=\"w-tabs-section-title\">MAY 17<\/div><div class=\"w-tabs-section-control\"><\/div><\/button><div  class=\"w-tabs-section-content\" id=\"content-eda5\"><div class=\"w-tabs-section-content-h i-cf\"><div class=\"wpb_text_column\"><div class=\"wpb_wrapper\"><h2>Start Bonifacio<\/h2>\n<p>Plus d&#8217;infos tr\u00e8s prochainement<\/p>\n<\/div><\/div><\/div><\/div><\/div><div class=\"w-tabs-section\" id=\"re73\"><button class=\"w-tabs-section-header\" aria-controls=\"content-re73\" aria-expanded=\"false\"><div class=\"w-tabs-section-title\">MAY 18<\/div><div class=\"w-tabs-section-control\"><\/div><\/button><div  class=\"w-tabs-section-content\" id=\"content-re73\"><div class=\"w-tabs-section-content-h i-cf\"><div class=\"wpb_text_column\"><div class=\"wpb_wrapper\"><h2>Arrival Alghero<\/h2>\n<p>Plus d&#8217;infos tr\u00e8s prochainement<\/p>\n<\/div><\/div><\/div><\/div><\/div><div class=\"w-tabs-section\" id=\"cf3d\"><button class=\"w-tabs-section-header\" aria-controls=\"content-cf3d\" aria-expanded=\"false\"><div class=\"w-tabs-section-title\">MAY 21<\/div><div class=\"w-tabs-section-control\"><\/div><\/button><div  class=\"w-tabs-section-content\" id=\"content-cf3d\"><div class=\"w-tabs-section-content-h i-cf\"><div class=\"wpb_text_column\"><div class=\"wpb_wrapper\"><h2>Start Alghero<\/h2>\n<p>Plus d&#8217;infos tr\u00e8s prochainement<\/p>\n<\/div><\/div><\/div><\/div><\/div><div class=\"w-tabs-section\" id=\"m00f\"><button class=\"w-tabs-section-header\" aria-controls=\"content-m00f\" aria-expanded=\"false\"><div class=\"w-tabs-section-title\">MAY 27<\/div><div class=\"w-tabs-section-control\"><\/div><\/button><div  class=\"w-tabs-section-content\" id=\"content-m00f\"><div class=\"w-tabs-section-content-h i-cf\"><div class=\"wpb_text_column\"><div class=\"wpb_wrapper\"><h2>Arrival Brest<\/h2>\n<p>Plus d&#8217;infos tr\u00e8s prochainement<\/p>\n<\/div><\/div><\/div><\/div><\/div><\/div><\/div><\/div><\/div><\/div><\/div><\/section>\n","protected":false},"excerpt":{"rendered":"EpisodesEpisodes|MAY 12MAY 14MAY 17MAY 18MAY 21MAY 27MAY 12Start La Seyne-sur-Mer Plus d&#8217;infos tr\u00e8s prochainement MAY 14Arrival Bonifacio Plus d&#8217;infos tr\u00e8s prochainement MAY 17Start Bonifacio Plus d&#8217;infos tr\u00e8s prochainement MAY 18Arrival Alghero Plus d&#8217;infos tr\u00e8s prochainement MAY 21Start Alghero Plus d&#8217;infos tr\u00e8s prochainement MAY 27Arrival Brest Plus d&#8217;infos tr\u00e8s prochainement","protected":false},"author":1,"featured_media":9105,"parent":0,"menu_order":0,"comment_status":"closed","ping_status":"closed","template":"","meta":{"footnotes":""},"class_list":["post-8995","page","type-page","status-publish","has-post-thumbnail","hentry"],"acf":[],"yoast_head":"<!-- This site is optimized with the Yoast SEO plugin v24.9 - https:\/\/yoast.com\/wordpress\/plugins\/seo\/ -->\n<title>The Race - Pro Sailing Tour Site Officiel<\/title>\n<meta name=\"robots\" content=\"index, follow, max-snippet:-1, max-image-preview:large, max-video-preview:-1\" \/>\n<link rel=\"canonical\" href=\"https:\/\/prosailingtour.com\/en\/la-course\/\" \/>\n<meta property=\"og:locale\" content=\"en_US\" \/>\n<meta property=\"og:type\" content=\"article\" \/>\n<meta property=\"og:title\" content=\"The Race - Pro Sailing Tour Site Officiel\" \/>\n<meta property=\"og:url\" content=\"https:\/\/prosailingtour.com\/en\/la-course\/\" \/>\n<meta property=\"og:site_name\" content=\"Pro Sailing Tour Site Officiel\" \/>\n<meta property=\"article:publisher\" content=\"https:\/\/www.facebook.com\/prosailingtour\/\" \/>\n<meta property=\"article:modified_time\" content=\"2023-04-07T09:37:41+00:00\" \/>\n<meta property=\"og:image\" content=\"https:\/\/prosailingtour.com\/wp-content\/uploads\/2023\/04\/PST23-1024x575.png\" \/>\n\t<meta property=\"og:image:width\" content=\"1024\" \/>\n\t<meta property=\"og:image:height\" content=\"575\" \/>\n\t<meta property=\"og:image:type\" content=\"image\/png\" \/>\n<meta name=\"twitter:card\" content=\"summary_large_image\" \/>\n<meta name=\"twitter:site\" content=\"@ProSailingTour\" \/>\n<meta name=\"twitter:label1\" content=\"Est. reading time\" \/>\n\t<meta name=\"twitter:data1\" content=\"1 minute\" \/>\n<script type=\"application\/ld+json\" class=\"yoast-schema-graph\">{\"@context\":\"https:\/\/schema.org\",\"@graph\":[{\"@type\":\"WebPage\",\"@id\":\"https:\/\/prosailingtour.com\/en\/la-course\/\",\"url\":\"https:\/\/prosailingtour.com\/en\/la-course\/\",\"name\":\"The Race - Pro Sailing Tour Site Officiel\",\"isPartOf\":{\"@id\":\"https:\/\/prosailingtour.com\/#website\"},\"primaryImageOfPage\":{\"@id\":\"https:\/\/prosailingtour.com\/en\/la-course\/#primaryimage\"},\"image\":{\"@id\":\"https:\/\/prosailingtour.com\/en\/la-course\/#primaryimage\"},\"thumbnailUrl\":\"https:\/\/prosailingtour.com\/wp-content\/uploads\/2023\/04\/PST23.png\",\"datePublished\":\"2023-03-02T14:03:38+00:00\",\"dateModified\":\"2023-04-07T09:37:41+00:00\",\"breadcrumb\":{\"@id\":\"https:\/\/prosailingtour.com\/en\/la-course\/#breadcrumb\"},\"inLanguage\":\"en-US\",\"potentialAction\":[{\"@type\":\"ReadAction\",\"target\":[\"https:\/\/prosailingtour.com\/en\/la-course\/\"]}]},{\"@type\":\"ImageObject\",\"inLanguage\":\"en-US\",\"@id\":\"https:\/\/prosailingtour.com\/en\/la-course\/#primaryimage\",\"url\":\"https:\/\/prosailingtour.com\/wp-content\/uploads\/2023\/04\/PST23.png\",\"contentUrl\":\"https:\/\/prosailingtour.com\/wp-content\/uploads\/2023\/04\/PST23.png\",\"width\":2242,\"height\":1260},{\"@type\":\"BreadcrumbList\",\"@id\":\"https:\/\/prosailingtour.com\/en\/la-course\/#breadcrumb\",\"itemListElement\":[{\"@type\":\"ListItem\",\"position\":1,\"name\":\"Accueil\",\"item\":\"https:\/\/prosailingtour.com\/en\/\"},{\"@type\":\"ListItem\",\"position\":2,\"name\":\"The Race\"}]},{\"@type\":\"WebSite\",\"@id\":\"https:\/\/prosailingtour.com\/#website\",\"url\":\"https:\/\/prosailingtour.com\/\",\"name\":\"Pro Sailing Tour Ocean Fifty\",\"description\":\"Race ProSailingTour 2023 Ocean Fifty\",\"publisher\":{\"@id\":\"https:\/\/prosailingtour.com\/#organization\"},\"potentialAction\":[{\"@type\":\"SearchAction\",\"target\":{\"@type\":\"EntryPoint\",\"urlTemplate\":\"https:\/\/prosailingtour.com\/?s={search_term_string}\"},\"query-input\":{\"@type\":\"PropertyValueSpecification\",\"valueRequired\":true,\"valueName\":\"search_term_string\"}}],\"inLanguage\":\"en-US\"},{\"@type\":\"Organization\",\"@id\":\"https:\/\/prosailingtour.com\/#organization\",\"name\":\"Pro Sailing Tour\",\"url\":\"https:\/\/prosailingtour.com\/\",\"logo\":{\"@type\":\"ImageObject\",\"inLanguage\":\"en-US\",\"@id\":\"https:\/\/prosailingtour.com\/#\/schema\/logo\/image\/\",\"url\":\"https:\/\/prosailingtour.com\/wp-content\/uploads\/2023\/03\/logobleu.png\",\"contentUrl\":\"https:\/\/prosailingtour.com\/wp-content\/uploads\/2023\/03\/logobleu.png\",\"width\":1302,\"height\":188,\"caption\":\"Pro Sailing Tour\"},\"image\":{\"@id\":\"https:\/\/prosailingtour.com\/#\/schema\/logo\/image\/\"},\"sameAs\":[\"https:\/\/www.facebook.com\/prosailingtour\/\",\"https:\/\/x.com\/ProSailingTour\",\"https:\/\/www.instagram.com\/pro_sailing_tour\/\",\"https:\/\/www.youtube.com\/channel\/UCMFXKkMD9V0LYJ_vlE-SHvg\"]}]}<\/script>\n<!-- \/ Yoast SEO plugin. -->","yoast_head_json":{"title":"The Race - Pro Sailing Tour Site Officiel","robots":{"index":"index","follow":"follow","max-snippet":"max-snippet:-1","max-image-preview":"max-image-preview:large","max-video-preview":"max-video-preview:-1"},"canonical":"https:\/\/prosailingtour.com\/en\/la-course\/","og_locale":"en_US","og_type":"article","og_title":"The Race - Pro Sailing Tour Site Officiel","og_url":"https:\/\/prosailingtour.com\/en\/la-course\/","og_site_name":"Pro Sailing Tour Site Officiel","article_publisher":"https:\/\/www.facebook.com\/prosailingtour\/","article_modified_time":"2023-04-07T09:37:41+00:00","og_image":[{"width":1024,"height":575,"url":"https:\/\/prosailingtour.com\/wp-content\/uploads\/2023\/04\/PST23-1024x575.png","type":"image\/png"}],"twitter_card":"summary_large_image","twitter_site":"@ProSailingTour","twitter_misc":{"Est. reading time":"1 minute"},"schema":{"@context":"https:\/\/schema.org","@graph":[{"@type":"WebPage","@id":"https:\/\/prosailingtour.com\/en\/la-course\/","url":"https:\/\/prosailingtour.com\/en\/la-course\/","name":"The Race - Pro Sailing Tour Site Officiel","isPartOf":{"@id":"https:\/\/prosailingtour.com\/#website"},"primaryImageOfPage":{"@id":"https:\/\/prosailingtour.com\/en\/la-course\/#primaryimage"},"image":{"@id":"https:\/\/prosailingtour.com\/en\/la-course\/#primaryimage"},"thumbnailUrl":"https:\/\/prosailingtour.com\/wp-content\/uploads\/2023\/04\/PST23.png","datePublished":"2023-03-02T14:03:38+00:00","dateModified":"2023-04-07T09:37:41+00:00","breadcrumb":{"@id":"https:\/\/prosailingtour.com\/en\/la-course\/#breadcrumb"},"inLanguage":"en-US","potentialAction":[{"@type":"ReadAction","target":["https:\/\/prosailingtour.com\/en\/la-course\/"]}]},{"@type":"ImageObject","inLanguage":"en-US","@id":"https:\/\/prosailingtour.com\/en\/la-course\/#primaryimage","url":"https:\/\/prosailingtour.com\/wp-content\/uploads\/2023\/04\/PST23.png","contentUrl":"https:\/\/prosailingtour.com\/wp-content\/uploads\/2023\/04\/PST23.png","width":2242,"height":1260},{"@type":"BreadcrumbList","@id":"https:\/\/prosailingtour.com\/en\/la-course\/#breadcrumb","itemListElement":[{"@type":"ListItem","position":1,"name":"Accueil","item":"https:\/\/prosailingtour.com\/en\/"},{"@type":"ListItem","position":2,"name":"The Race"}]},{"@type":"WebSite","@id":"https:\/\/prosailingtour.com\/#website","url":"https:\/\/prosailingtour.com\/","name":"Pro Sailing Tour Ocean Fifty","description":"Race ProSailingTour 2023 Ocean Fifty","publisher":{"@id":"https:\/\/prosailingtour.com\/#organization"},"potentialAction":[{"@type":"SearchAction","target":{"@type":"EntryPoint","urlTemplate":"https:\/\/prosailingtour.com\/?s={search_term_string}"},"query-input":{"@type":"PropertyValueSpecification","valueRequired":true,"valueName":"search_term_string"}}],"inLanguage":"en-US"},{"@type":"Organization","@id":"https:\/\/prosailingtour.com\/#organization","name":"Pro Sailing Tour","url":"https:\/\/prosailingtour.com\/","logo":{"@type":"ImageObject","inLanguage":"en-US","@id":"https:\/\/prosailingtour.com\/#\/schema\/logo\/image\/","url":"https:\/\/prosailingtour.com\/wp-content\/uploads\/2023\/03\/logobleu.png","contentUrl":"https:\/\/prosailingtour.com\/wp-content\/uploads\/2023\/03\/logobleu.png","width":1302,"height":188,"caption":"Pro Sailing Tour"},"image":{"@id":"https:\/\/prosailingtour.com\/#\/schema\/logo\/image\/"},"sameAs":["https:\/\/www.facebook.com\/prosailingtour\/","https:\/\/x.com\/ProSailingTour","https:\/\/www.instagram.com\/pro_sailing_tour\/","https:\/\/www.youtube.com\/channel\/UCMFXKkMD9V0LYJ_vlE-SHvg"]}]}},"_links":{"self":[{"href":"https:\/\/prosailingtour.com\/en\/wp-json\/wp\/v2\/pages\/8995","targetHints":{"allow":["GET"]}}],"collection":[{"href":"https:\/\/prosailingtour.com\/en\/wp-json\/wp\/v2\/pages"}],"about":[{"href":"https:\/\/prosailingtour.com\/en\/wp-json\/wp\/v2\/types\/page"}],"author":[{"embeddable":true,"href":"https:\/\/prosailingtour.com\/en\/wp-json\/wp\/v2\/users\/1"}],"replies":[{"embeddable":true,"href":"https:\/\/prosailingtour.com\/en\/wp-json\/wp\/v2\/comments?post=8995"}],"version-history":[{"count":0,"href":"https:\/\/prosailingtour.com\/en\/wp-json\/wp\/v2\/pages\/8995\/revisions"}],"wp:featuredmedia":[{"embeddable":true,"href":"https:\/\/prosailingtour.com\/en\/wp-json\/wp\/v2\/media\/9105"}],"wp:attachment":[{"href":"https:\/\/prosailingtour.com\/en\/wp-json\/wp\/v2\/media?parent=8995"}],"curies":[{"name":"wp","href":"https:\/\/api.w.org\/{rel}","templated":true}]}}